{"id":3913,"date":"2017-04-04T06:23:48","date_gmt":"2017-04-04T06:23:48","guid":{"rendered":"https:\/\/www.hotelessenza.be\/cadeaubon\/"},"modified":"2024-12-24T10:25:47","modified_gmt":"2024-12-24T09:25:47","slug":"geschenk-gutschein","status":"publish","type":"page","link":"https:\/\/www.hotelessenza.be\/de\/geschenk-gutschein\/","title":{"rendered":"Geschenk-Gutschein"},"content":{"rendered":"<div class=\"wpb-content-wrapper\"><p>[vc_row equal_height=&#8220;yes&#8220;][vc_column width=&#8220;1\/2&#8243;][vc_text_separator title=&#8220;Freunde oder Familie verw\u00f6hnen&#8220; title_align=&#8220;separator_align_left&#8220; align=&#8220;align_right&#8220; color=&#8220;custom&#8220; el_class=&#8220;title&#8220; accent_color=&#8220;#c9c9c9&#8243;][vc_column_text el_class=&#8220;columns&#8220;]Verw\u00f6hnen Sie Freunde oder Familie mit einem Geschenkgutschein vom Hotel Essenza. So k\u00f6nnen sie ein paar erholsame Tage fernab von der Hektik des Alltags genie\u00dfen.<\/p>\n<p>Hinterlassen Sie Ihre eigenen Angaben und die Angaben des Beg\u00fcnstigten sowie den Betrag, den Sie verschenken m\u00f6chten.<\/p>\n<p>Bitte beachten Sie! Der Gutschein wird erst dann ausgestellt, wenn wir die \u00dcberweisung erhalten haben. Sie werden per Post oder Telefon auf dem Laufenden gehalten. Unsere Kontonummer lautet BE89 7330 5732 2885.[\/vc_column_text][\/vc_column][vc_column width=&#8220;1\/2&#8243; css=&#8220;.vc_custom_1492079249726{margin-left: 25px !important;background-position: center !important;background-repeat: no-repeat !important;background-size: cover !important;}&#8220; el_class=&#8220;shadowcolumn&#8220;][vc_column_text css=&#8220;&#8220;]<\/p>\n<h1>GESCHENK-GUTSCHEIN<\/h1>\n<p>[\/vc_column_text]\n<div class=\"wpcf7 no-js\" id=\"wpcf7-f4090-o1\" lang=\"en-US\" dir=\"ltr\" data-wpcf7-id=\"4090\">\n<div class=\"screen-reader-response\"><p role=\"status\" aria-live=\"polite\" aria-atomic=\"true\"> <ul><\/ul><\/div>\n<form action=\"\/de\/wp-json\/wp\/v2\/pages\/3913#wpcf7-f4090-o1\" method=\"post\" class=\"wpcf7-form init\" aria-label=\"Contact form\" novalidate=\"novalidate\" data-status=\"init\">\n<fieldset class=\"hidden-fields-container\"><input type=\"hidden\" name=\"_wpcf7\" value=\"4090\" \/><input type=\"hidden\" name=\"_wpcf7_version\" value=\"6.1.5\" \/><input type=\"hidden\" name=\"_wpcf7_locale\" value=\"en_US\" \/><input type=\"hidden\" name=\"_wpcf7_unit_tag\" value=\"wpcf7-f4090-o1\" \/><input type=\"hidden\" name=\"_wpcf7_container_post\" value=\"0\" \/><input type=\"hidden\" name=\"_wpcf7_posted_data_hash\" value=\"\" \/>\n<\/fieldset>\n<div class=\"column one-second\">\n\t<p><span class=\"wpcf7-form-control-wrap\" data-name=\"your-name\"><input size=\"40\" maxlength=\"400\" class=\"wpcf7-form-control wpcf7-text wpcf7-validates-as-required\" aria-required=\"true\" aria-invalid=\"false\" placeholder=\"Ihr Name\" value=\"\" type=\"text\" name=\"your-name\" \/><\/span>\n\t<\/p>\n<\/div>\n<div class=\"column one-second\">\n\t<p><span class=\"wpcf7-form-control-wrap\" data-name=\"your-email\"><input size=\"40\" maxlength=\"400\" class=\"wpcf7-form-control wpcf7-email wpcf7-validates-as-required wpcf7-text wpcf7-validates-as-email\" aria-required=\"true\" aria-invalid=\"false\" placeholder=\"Ihre E-Mail\" value=\"\" type=\"email\" name=\"your-email\" \/><\/span>\n\t<\/p>\n<\/div>\n<div class=\"column one\">\n\t<h4>Beg\u00fcnstigter\n\t<\/h4>\n\t<p><span class=\"wpcf7-form-control-wrap\" data-name=\"begunstigde\"><input size=\"40\" maxlength=\"400\" class=\"wpcf7-form-control wpcf7-text wpcf7-validates-as-required\" aria-required=\"true\" aria-invalid=\"false\" placeholder=\"Name des Beg\u00fcnstigten\" value=\"\" type=\"text\" name=\"begunstigde\" \/><\/span>\n\t<\/p>\n<\/div>\n<div class=\"column one\">\n\t<p><span class=\"wpcf7-form-control-wrap\" data-name=\"your-message\"><textarea cols=\"40\" rows=\"6\" maxlength=\"2000\" class=\"wpcf7-form-control wpcf7-textarea\" aria-invalid=\"false\" placeholder=\"Nachricht\" name=\"your-message\"><\/textarea><\/span>\n\t<\/p>\n<\/div>\n<div class=\"column one\">\n\t<p><input class=\"wpcf7-form-control wpcf7-submit has-spinner\" type=\"submit\" value=\"SENDEN\" \/>\n\t<\/p>\n<\/div><input type=\"hidden\" id=\"ct_checkjs_cf7_7b13b2203029ed80337f27127a9f1d28\" name=\"ct_checkjs_cf7\" value=\"0\" \/><div class=\"wpcf7-response-output\" aria-hidden=\"true\"><\/div>\n<\/form>\n<\/div>\n[\/vc_column][\/vc_row][vc_row css=&#8220;.vc_custom_1492079639561{margin-top: 75px !important;}&#8220;][vc_column][vc_separator][\/vc_column][\/vc_row][vc_row][vc_column][vc_media_grid element_width=&#8220;2&#8243; grid_id=&#8220;vc_gid:1735032333631-ac96eb8e-24da-2&#8243; include=&#8220;399,397,396,395,394,393,392,391,390,72,75,82&#8243;][\/vc_column][\/vc_row]<\/p>\n<\/div>","protected":false},"excerpt":{"rendered":"<p>[vc_row equal_height=&#8220;yes&#8220;][vc_column width=&#8220;1\/2&#8243;][vc_text_separator title=&#8220;Freunde oder Familie verw\u00f6hnen&#8220; title_align=&#8220;separator_align_left&#8220; align=&#8220;align_right&#8220; color=&#8220;custom&#8220; el_class=&#8220;title&#8220; accent_color=&#8220;#c9c9c9&#8243;][vc_column_text el_class=&#8220;columns&#8220;]Verw\u00f6hnen Sie Freunde oder Familie mit einem Geschenkgutschein vom Hotel Essenza. So k\u00f6nnen sie ein paar erholsame Tage fernab von der Hektik des Alltags genie\u00dfen. Hinterlassen Sie Ihre eigenen Angaben und die Angaben des Beg\u00fcnstigten sowie den Betrag,<span class=\"excerpt-hellip\"> [\u2026]<\/span><\/p>\n","protected":false},"author":1,"featured_media":3914,"parent":0,"menu_order":0,"comment_status":"closed","ping_status":"closed","template":"","meta":{"_seopress_robots_primary_cat":"","_seopress_titles_title":"","_seopress_titles_desc":"","_seopress_robots_index":"","footnotes":""},"class_list":["post-3913","page","type-page","status-publish","has-post-thumbnail","hentry"],"yoast_head":"<!-- This site is optimized with the Yoast SEO plugin v27.4 - https:\/\/yoast.com\/product\/yoast-seo-wordpress\/ -->\n<title>Geschenkgutschein f\u00fcr Hotel Essenza<\/title>\n<meta name=\"description\" content=\"Verschenken Sie einen Geschenkgutschein f\u00fcr das Hotel Essenza. Das ideale Geschenk f\u00fcr einen Aufenthalt voller Komfort und kulinarischer Gen\u00fcsse.\" \/>\n<meta name=\"robots\" content=\"index, follow, max-snippet:-1, max-image-preview:large, max-video-preview:-1\" \/>\n<link rel=\"canonical\" href=\"https:\/\/www.hotelessenza.be\/de\/geschenk-gutschein\/\" \/>\n<meta property=\"og:locale\" content=\"de_DE\" \/>\n<meta property=\"og:type\" content=\"article\" \/>\n<meta property=\"og:title\" content=\"Geschenkgutschein f\u00fcr Hotel Essenza\" \/>\n<meta property=\"og:description\" content=\"Verschenken Sie einen Geschenkgutschein f\u00fcr das Hotel Essenza. Das ideale Geschenk f\u00fcr einen Aufenthalt voller Komfort und kulinarischer Gen\u00fcsse.\" \/>\n<meta property=\"og:url\" content=\"https:\/\/www.hotelessenza.be\/de\/geschenk-gutschein\/\" \/>\n<meta property=\"og:site_name\" content=\"Hotel Essenza\" \/>\n<meta property=\"article:publisher\" content=\"https:\/\/www.facebook.com\/Hotel-Essenza-527388380765946\/\" \/>\n<meta property=\"article:modified_time\" content=\"2024-12-24T09:25:47+00:00\" \/>\n<meta property=\"og:image\" content=\"https:\/\/essenza-109ad.kxcdn.com\/wp-content\/uploads\/2017\/04\/6.jpg\" \/>\n\t<meta property=\"og:image:width\" content=\"2048\" \/>\n\t<meta property=\"og:image:height\" content=\"2048\" \/>\n\t<meta property=\"og:image:type\" content=\"image\/jpeg\" \/>\n<meta name=\"twitter:card\" content=\"summary_large_image\" \/>\n<meta name=\"twitter:label1\" content=\"Gesch\u00e4tzte Lesezeit\" \/>\n\t<meta name=\"twitter:data1\" content=\"4\u00a0Minuten\" \/>\n<script type=\"application\/ld+json\" class=\"yoast-schema-graph\">{\"@context\":\"https:\\\/\\\/schema.org\",\"@graph\":[{\"@type\":\"WebPage\",\"@id\":\"https:\\\/\\\/www.hotelessenza.be\\\/de\\\/geschenk-gutschein\\\/\",\"url\":\"https:\\\/\\\/www.hotelessenza.be\\\/de\\\/geschenk-gutschein\\\/\",\"name\":\"Geschenkgutschein f\u00fcr Hotel Essenza\",\"isPartOf\":{\"@id\":\"https:\\\/\\\/www.hotelessenza.be\\\/de\\\/#website\"},\"primaryImageOfPage\":{\"@id\":\"https:\\\/\\\/www.hotelessenza.be\\\/de\\\/geschenk-gutschein\\\/#primaryimage\"},\"image\":{\"@id\":\"https:\\\/\\\/www.hotelessenza.be\\\/de\\\/geschenk-gutschein\\\/#primaryimage\"},\"thumbnailUrl\":\"https:\\\/\\\/www.hotelessenza.be\\\/wp-content\\\/uploads\\\/2017\\\/04\\\/6.jpg\",\"datePublished\":\"2017-04-04T06:23:48+00:00\",\"dateModified\":\"2024-12-24T09:25:47+00:00\",\"description\":\"Verschenken Sie einen Geschenkgutschein f\u00fcr das Hotel Essenza. Das ideale Geschenk f\u00fcr einen Aufenthalt voller Komfort und kulinarischer Gen\u00fcsse.\",\"breadcrumb\":{\"@id\":\"https:\\\/\\\/www.hotelessenza.be\\\/de\\\/geschenk-gutschein\\\/#breadcrumb\"},\"inLanguage\":\"de\",\"potentialAction\":[{\"@type\":\"ReadAction\",\"target\":[\"https:\\\/\\\/www.hotelessenza.be\\\/de\\\/geschenk-gutschein\\\/\"]}]},{\"@type\":\"ImageObject\",\"inLanguage\":\"de\",\"@id\":\"https:\\\/\\\/www.hotelessenza.be\\\/de\\\/geschenk-gutschein\\\/#primaryimage\",\"url\":\"https:\\\/\\\/www.hotelessenza.be\\\/wp-content\\\/uploads\\\/2017\\\/04\\\/6.jpg\",\"contentUrl\":\"https:\\\/\\\/www.hotelessenza.be\\\/wp-content\\\/uploads\\\/2017\\\/04\\\/6.jpg\",\"width\":2048,\"height\":2048},{\"@type\":\"BreadcrumbList\",\"@id\":\"https:\\\/\\\/www.hotelessenza.be\\\/de\\\/geschenk-gutschein\\\/#breadcrumb\",\"itemListElement\":[{\"@type\":\"ListItem\",\"position\":1,\"name\":\"Home\",\"item\":\"https:\\\/\\\/www.hotelessenza.be\\\/de\\\/\"},{\"@type\":\"ListItem\",\"position\":2,\"name\":\"Geschenk-Gutschein\"}]},{\"@type\":\"WebSite\",\"@id\":\"https:\\\/\\\/www.hotelessenza.be\\\/de\\\/#website\",\"url\":\"https:\\\/\\\/www.hotelessenza.be\\\/de\\\/\",\"name\":\"Hotel Essenza\",\"description\":\"\",\"publisher\":{\"@id\":\"https:\\\/\\\/www.hotelessenza.be\\\/de\\\/#organization\"},\"potentialAction\":[{\"@type\":\"SearchAction\",\"target\":{\"@type\":\"EntryPoint\",\"urlTemplate\":\"https:\\\/\\\/www.hotelessenza.be\\\/de\\\/?s={search_term_string}\"},\"query-input\":{\"@type\":\"PropertyValueSpecification\",\"valueRequired\":true,\"valueName\":\"search_term_string\"}}],\"inLanguage\":\"de\"},{\"@type\":\"Organization\",\"@id\":\"https:\\\/\\\/www.hotelessenza.be\\\/de\\\/#organization\",\"name\":\"Hotel Essenza\",\"url\":\"https:\\\/\\\/www.hotelessenza.be\\\/de\\\/\",\"logo\":{\"@type\":\"ImageObject\",\"inLanguage\":\"de\",\"@id\":\"https:\\\/\\\/www.hotelessenza.be\\\/de\\\/#\\\/schema\\\/logo\\\/image\\\/\",\"url\":\"https:\\\/\\\/www.hotelessenza.be\\\/wp-content\\\/uploads\\\/2017\\\/03\\\/logo-Essenza.png\",\"contentUrl\":\"https:\\\/\\\/www.hotelessenza.be\\\/wp-content\\\/uploads\\\/2017\\\/03\\\/logo-Essenza.png\",\"width\":293,\"height\":76,\"caption\":\"Hotel Essenza\"},\"image\":{\"@id\":\"https:\\\/\\\/www.hotelessenza.be\\\/de\\\/#\\\/schema\\\/logo\\\/image\\\/\"},\"sameAs\":[\"https:\\\/\\\/www.facebook.com\\\/Hotel-Essenza-527388380765946\\\/\"]}]}<\/script>\n<!-- \/ Yoast SEO plugin. -->","yoast_head_json":{"title":"Geschenkgutschein f\u00fcr Hotel Essenza","description":"Verschenken Sie einen Geschenkgutschein f\u00fcr das Hotel Essenza. Das ideale Geschenk f\u00fcr einen Aufenthalt voller Komfort und kulinarischer Gen\u00fcsse.","robots":{"index":"index","follow":"follow","max-snippet":"max-snippet:-1","max-image-preview":"max-image-preview:large","max-video-preview":"max-video-preview:-1"},"canonical":"https:\/\/www.hotelessenza.be\/de\/geschenk-gutschein\/","og_locale":"de_DE","og_type":"article","og_title":"Geschenkgutschein f\u00fcr Hotel Essenza","og_description":"Verschenken Sie einen Geschenkgutschein f\u00fcr das Hotel Essenza. Das ideale Geschenk f\u00fcr einen Aufenthalt voller Komfort und kulinarischer Gen\u00fcsse.","og_url":"https:\/\/www.hotelessenza.be\/de\/geschenk-gutschein\/","og_site_name":"Hotel Essenza","article_publisher":"https:\/\/www.facebook.com\/Hotel-Essenza-527388380765946\/","article_modified_time":"2024-12-24T09:25:47+00:00","og_image":[{"width":2048,"height":2048,"url":"https:\/\/essenza-109ad.kxcdn.com\/wp-content\/uploads\/2017\/04\/6.jpg","type":"image\/jpeg"}],"twitter_card":"summary_large_image","twitter_misc":{"Gesch\u00e4tzte Lesezeit":"4\u00a0Minuten"},"schema":{"@context":"https:\/\/schema.org","@graph":[{"@type":"WebPage","@id":"https:\/\/www.hotelessenza.be\/de\/geschenk-gutschein\/","url":"https:\/\/www.hotelessenza.be\/de\/geschenk-gutschein\/","name":"Geschenkgutschein f\u00fcr Hotel Essenza","isPartOf":{"@id":"https:\/\/www.hotelessenza.be\/de\/#website"},"primaryImageOfPage":{"@id":"https:\/\/www.hotelessenza.be\/de\/geschenk-gutschein\/#primaryimage"},"image":{"@id":"https:\/\/www.hotelessenza.be\/de\/geschenk-gutschein\/#primaryimage"},"thumbnailUrl":"https:\/\/essenza-109ad.kxcdn.com\/wp-content\/uploads\/2017\/04\/6.jpg","datePublished":"2017-04-04T06:23:48+00:00","dateModified":"2024-12-24T09:25:47+00:00","description":"Verschenken Sie einen Geschenkgutschein f\u00fcr das Hotel Essenza. Das ideale Geschenk f\u00fcr einen Aufenthalt voller Komfort und kulinarischer Gen\u00fcsse.","breadcrumb":{"@id":"https:\/\/www.hotelessenza.be\/de\/geschenk-gutschein\/#breadcrumb"},"inLanguage":"de","potentialAction":[{"@type":"ReadAction","target":["https:\/\/www.hotelessenza.be\/de\/geschenk-gutschein\/"]}]},{"@type":"ImageObject","inLanguage":"de","@id":"https:\/\/www.hotelessenza.be\/de\/geschenk-gutschein\/#primaryimage","url":"https:\/\/essenza-109ad.kxcdn.com\/wp-content\/uploads\/2017\/04\/6.jpg","contentUrl":"https:\/\/essenza-109ad.kxcdn.com\/wp-content\/uploads\/2017\/04\/6.jpg","width":2048,"height":2048},{"@type":"BreadcrumbList","@id":"https:\/\/www.hotelessenza.be\/de\/geschenk-gutschein\/#breadcrumb","itemListElement":[{"@type":"ListItem","position":1,"name":"Home","item":"https:\/\/www.hotelessenza.be\/de\/"},{"@type":"ListItem","position":2,"name":"Geschenk-Gutschein"}]},{"@type":"WebSite","@id":"https:\/\/www.hotelessenza.be\/de\/#website","url":"https:\/\/www.hotelessenza.be\/de\/","name":"Hotel Essenza","description":"","publisher":{"@id":"https:\/\/www.hotelessenza.be\/de\/#organization"},"potentialAction":[{"@type":"SearchAction","target":{"@type":"EntryPoint","urlTemplate":"https:\/\/www.hotelessenza.be\/de\/?s={search_term_string}"},"query-input":{"@type":"PropertyValueSpecification","valueRequired":true,"valueName":"search_term_string"}}],"inLanguage":"de"},{"@type":"Organization","@id":"https:\/\/www.hotelessenza.be\/de\/#organization","name":"Hotel Essenza","url":"https:\/\/www.hotelessenza.be\/de\/","logo":{"@type":"ImageObject","inLanguage":"de","@id":"https:\/\/www.hotelessenza.be\/de\/#\/schema\/logo\/image\/","url":"https:\/\/essenza-109ad.kxcdn.com\/wp-content\/uploads\/2017\/03\/logo-Essenza.png","contentUrl":"https:\/\/essenza-109ad.kxcdn.com\/wp-content\/uploads\/2017\/03\/logo-Essenza.png","width":293,"height":76,"caption":"Hotel Essenza"},"image":{"@id":"https:\/\/www.hotelessenza.be\/de\/#\/schema\/logo\/image\/"},"sameAs":["https:\/\/www.facebook.com\/Hotel-Essenza-527388380765946\/"]}]}},"_links":{"self":[{"href":"https:\/\/www.hotelessenza.be\/de\/wp-json\/wp\/v2\/pages\/3913","targetHints":{"allow":["GET"]}}],"collection":[{"href":"https:\/\/www.hotelessenza.be\/de\/wp-json\/wp\/v2\/pages"}],"about":[{"href":"https:\/\/www.hotelessenza.be\/de\/wp-json\/wp\/v2\/types\/page"}],"author":[{"embeddable":true,"href":"https:\/\/www.hotelessenza.be\/de\/wp-json\/wp\/v2\/users\/1"}],"replies":[{"embeddable":true,"href":"https:\/\/www.hotelessenza.be\/de\/wp-json\/wp\/v2\/comments?post=3913"}],"version-history":[{"count":0,"href":"https:\/\/www.hotelessenza.be\/de\/wp-json\/wp\/v2\/pages\/3913\/revisions"}],"wp:featuredmedia":[{"embeddable":true,"href":"https:\/\/www.hotelessenza.be\/de\/wp-json\/wp\/v2\/media\/3914"}],"wp:attachment":[{"href":"https:\/\/www.hotelessenza.be\/de\/wp-json\/wp\/v2\/media?parent=3913"}],"curies":[{"name":"wp","href":"https:\/\/api.w.org\/{rel}","templated":true}]}}