{"id":2147,"date":"2026-05-06T09:46:22","date_gmt":"2026-05-06T07:46:22","guid":{"rendered":"https:\/\/www.hotelessenza.be\/?page_id=2147"},"modified":"2026-05-07T16:39:19","modified_gmt":"2026-05-07T14:39:19","slug":"reserve","status":"publish","type":"page","link":"https:\/\/www.hotelessenza.be\/fr\/reserveren\/","title":{"rendered":"R\u00e9servation"},"content":{"rendered":"<div data-elementor-type=\"wp-page\" data-elementor-id=\"2147\" class=\"elementor elementor-2147\" data-elementor-post-type=\"page\">\n\t\t\t\t<section class=\"elementor-element elementor-element-b780165 e-flex e-con-boxed e-con e-parent\" data-id=\"b780165\" data-element_type=\"container\" data-e-type=\"container\" data-settings=\"{&quot;background_background&quot;:&quot;classic&quot;}\">\n\t\t\t\t\t<div class=\"e-con-inner\">\n\t\t\t\t<div class=\"elementor-element elementor-element-8cf862e elementor-widget elementor-widget-text-editor\" data-id=\"8cf862e\" data-element_type=\"widget\" data-e-type=\"widget\" data-widget_type=\"text-editor.default\">\n\t\t\t\t\t\t\t\t\t<p>R\u00e9servation<\/p>\t\t\t\t\t\t\t\t<\/div>\n\t\t\t\t<div class=\"elementor-element elementor-element-4c18ab0 elementor-widget elementor-widget-heading\" data-id=\"4c18ab0\" data-element_type=\"widget\" data-e-type=\"widget\" data-widget_type=\"heading.default\">\n\t\t\t\t\t<h1 class=\"elementor-heading-title elementor-size-default\">R\u00e9servations \u00e0 l'h\u00f4tel Essenza\n<\/h1>\t\t\t\t<\/div>\n\t\t\t\t<div class=\"elementor-element elementor-element-8a8f039 elementor-widget__width-initial elementor-widget elementor-widget-text-editor\" data-id=\"8a8f039\" data-element_type=\"widget\" data-e-type=\"widget\" data-widget_type=\"text-editor.default\">\n\t\t\t\t\t\t\t\t\t<p>R\u00e9servez facilement votre chambre \u00e0 Kalfort en ligne et profitez rapidement du calme et de la beaut\u00e9 des environs.<\/p>\t\t\t\t\t\t\t\t<\/div>\n\t\t\t\t\t<\/div>\n\t\t\t\t<\/section>\n\t\t<div class=\"elementor-element elementor-element-20f2465 e-flex e-con-boxed e-con e-parent\" data-id=\"20f2465\" data-element_type=\"container\" data-e-type=\"container\">\n\t\t\t\t\t<div class=\"e-con-inner\">\n\t\t<div class=\"elementor-element elementor-element-a8dce71 e-con-full e-flex e-con e-child\" data-id=\"a8dce71\" data-element_type=\"container\" data-e-type=\"container\">\n\t\t\t\t<div class=\"elementor-element elementor-element-4a8efa7 elementor-widget elementor-widget-heading\" data-id=\"4a8efa7\" data-element_type=\"widget\" data-e-type=\"widget\" data-widget_type=\"heading.default\">\n\t\t\t\t\t<h2 class=\"elementor-heading-title elementor-size-default\">Offrez-vous un s\u00e9jour de d\u00e9tente<\/h2>\t\t\t\t<\/div>\n\t\t\t\t<div class=\"elementor-element elementor-element-a68b24c elementor-widget elementor-widget-text-editor\" data-id=\"a68b24c\" data-element_type=\"widget\" data-e-type=\"widget\" data-widget_type=\"text-editor.default\">\n\t\t\t\t\t\t\t\t\t<p>\u00cates-vous pr\u00eats \u00e0 vivre quelques jours merveilleux o\u00f9 rien n'est obligatoire et o\u00f9 tout est permis, o\u00f9 l'essentiel est de se d\u00e9tendre ?<br \/>De l'un \u00e0 l'autre, de l'environnement, de quelques bons repas et d'un lit confortable ?<\/p><p><br \/>Alors faites votre r\u00e9servation d\u00e8s aujourd'hui \u00e0 l'h\u00f4tel Essenza. Nous sommes pr\u00eats \u00e0 vous accueillir.<\/p>\t\t\t\t\t\t\t\t<\/div>\n\t\t\t\t<div class=\"elementor-element elementor-element-b35876c btn-primary distributor-open elementor-widget elementor-widget-button\" data-id=\"b35876c\" data-element_type=\"widget\" data-e-type=\"widget\" data-widget_type=\"button.default\">\n\t\t\t\t\t\t\t\t\t\t<a class=\"elementor-button elementor-button-link elementor-size-sm\" href=\"#\">\n\t\t\t\t\t\t<span class=\"elementor-button-content-wrapper\">\n\t\t\t\t\t\t<span class=\"elementor-button-icon\">\n\t\t\t\t<svg aria-hidden=\"true\" class=\"e-font-icon-svg e-fas-calendar-check\" viewbox=\"0 0 448 512\" xmlns=\"http:\/\/www.w3.org\/2000\/svg\"><path d=\"M436 160H12c-6.627 0-12-5.373-12-12v-36c0-26.51 21.49-48 48-48h48V12c0-6.627 5.373-12 12-12h40c6.627 0 12 5.373 12 12v52h128V12c0-6.627 5.373-12 12-12h40c6.627 0 12 5.373 12 12v52h48c26.51 0 48 21.49 48 48v36c0 6.627-5.373 12-12 12zM12 192h424c6.627 0 12 5.373 12 12v260c0 26.51-21.49 48-48 48H48c-26.51 0-48-21.49-48-48V204c0-6.627 5.373-12 12-12zm333.296 95.947l-28.169-28.398c-4.667-4.705-12.265-4.736-16.97-.068L194.12 364.665l-45.98-46.352c-4.667-4.705-12.266-4.736-16.971-.068l-28.397 28.17c-4.705 4.667-4.736 12.265-.068 16.97l82.601 83.269c4.667 4.705 12.265 4.736 16.97.068l142.953-141.805c4.705-4.667 4.736-12.265.068-16.97z\"><\/path><\/svg>\t\t\t<\/span>\n\t\t\t\t\t\t\t\t\t<span class=\"elementor-button-text\">R\u00e9server<\/span>\n\t\t\t\t\t<\/span>\n\t\t\t\t\t<\/a>\n\t\t\t\t\t\t\t\t<\/div>\n\t\t\t\t<\/div>\n\t\t<div class=\"elementor-element elementor-element-7d809d8 e-con-full e-flex e-con e-child\" data-id=\"7d809d8\" data-element_type=\"container\" data-e-type=\"container\">\n\t\t<div class=\"elementor-element elementor-element-0c5970b e-con-full e-flex e-con e-child\" data-id=\"0c5970b\" data-element_type=\"container\" data-e-type=\"container\">\n\t\t\t\t<div class=\"elementor-element elementor-element-052a0af elementor-widget elementor-widget-image\" data-id=\"052a0af\" data-element_type=\"widget\" data-e-type=\"widget\" data-widget_type=\"image.default\">\n\t\t\t\t\t\t\t\t\t\t\t\t\t\t\t<img alt=\"\" fetchpriority=\"high\" decoding=\"async\" width=\"680\" height=\"454\" src=\"https:\/\/www.hotelessenza.be\/wp-content\/uploads\/2026\/03\/over-essenza-foto.webp\" class=\"attachment-large size-large wp-image-143\" srcset=\"https:\/\/www.hotelessenza.be\/wp-content\/uploads\/2026\/03\/over-essenza-foto.webp 680w, https:\/\/www.hotelessenza.be\/wp-content\/uploads\/2026\/03\/over-essenza-foto-500x334.webp 500w\" sizes=\"(max-width: 680px) 100vw, 680px\" \/>\t\t\t\t\t\t\t\t\t\t\t\t\t\t\t<\/div>\n\t\t\t\t<\/div>\n\t\t<div class=\"elementor-element elementor-element-399abd7 e-grid e-con-full e-con e-child\" data-id=\"399abd7\" data-element_type=\"container\" data-e-type=\"container\">\n\t\t\t\t<div class=\"elementor-element elementor-element-6ba98c8 elementor-widget elementor-widget-image\" data-id=\"6ba98c8\" data-element_type=\"widget\" data-e-type=\"widget\" data-widget_type=\"image.default\">\n\t\t\t\t\t\t\t\t\t\t\t\t\t\t\t<img alt=\"\" decoding=\"async\" width=\"800\" height=\"533\" src=\"https:\/\/www.hotelessenza.be\/wp-content\/uploads\/2026\/04\/DSC_1150.jpg\" class=\"attachment-large size-large wp-image-2005\" srcset=\"https:\/\/www.hotelessenza.be\/wp-content\/uploads\/2026\/04\/DSC_1150.jpg 800w, https:\/\/www.hotelessenza.be\/wp-content\/uploads\/2026\/04\/DSC_1150-500x333.jpg 500w, https:\/\/www.hotelessenza.be\/wp-content\/uploads\/2026\/04\/DSC_1150-768x512.jpg 768w, https:\/\/www.hotelessenza.be\/wp-content\/uploads\/2026\/04\/DSC_1150-18x12.jpg 18w\" sizes=\"(max-width: 800px) 100vw, 800px\" \/>\t\t\t\t\t\t\t\t\t\t\t\t\t\t\t<\/div>\n\t\t\t\t<div class=\"elementor-element elementor-element-960e6ee elementor-widget elementor-widget-image\" data-id=\"960e6ee\" data-element_type=\"widget\" data-e-type=\"widget\" data-widget_type=\"image.default\">\n\t\t\t\t\t\t\t\t\t\t\t\t\t\t\t<img alt=\"\" decoding=\"async\" width=\"800\" height=\"533\" src=\"https:\/\/www.hotelessenza.be\/wp-content\/uploads\/2026\/04\/AST-ash-studio-Essenza-hotel-Hannelore-Veelaert-2.jpg\" class=\"attachment-large size-large wp-image-2011\" srcset=\"https:\/\/www.hotelessenza.be\/wp-content\/uploads\/2026\/04\/AST-ash-studio-Essenza-hotel-Hannelore-Veelaert-2.jpg 800w, https:\/\/www.hotelessenza.be\/wp-content\/uploads\/2026\/04\/AST-ash-studio-Essenza-hotel-Hannelore-Veelaert-2-500x333.jpg 500w, https:\/\/www.hotelessenza.be\/wp-content\/uploads\/2026\/04\/AST-ash-studio-Essenza-hotel-Hannelore-Veelaert-2-768x512.jpg 768w, https:\/\/www.hotelessenza.be\/wp-content\/uploads\/2026\/04\/AST-ash-studio-Essenza-hotel-Hannelore-Veelaert-2-18x12.jpg 18w\" sizes=\"(max-width: 800px) 100vw, 800px\" \/>\t\t\t\t\t\t\t\t\t\t\t\t\t\t\t<\/div>\n\t\t\t\t<div class=\"elementor-element elementor-element-89a1bec elementor-widget elementor-widget-image\" data-id=\"89a1bec\" data-element_type=\"widget\" data-e-type=\"widget\" data-widget_type=\"image.default\">\n\t\t\t\t\t\t\t\t\t\t\t\t\t\t\t<img alt=\"\" loading=\"lazy\" decoding=\"async\" width=\"800\" height=\"534\" src=\"https:\/\/www.hotelessenza.be\/wp-content\/uploads\/2026\/04\/BB-Essenza-Puurs-1-1024x683.jpg\" class=\"attachment-large size-large wp-image-2046\" srcset=\"https:\/\/www.hotelessenza.be\/wp-content\/uploads\/2026\/04\/BB-Essenza-Puurs-1-1024x683.jpg 1024w, https:\/\/www.hotelessenza.be\/wp-content\/uploads\/2026\/04\/BB-Essenza-Puurs-1-500x333.jpg 500w, https:\/\/www.hotelessenza.be\/wp-content\/uploads\/2026\/04\/BB-Essenza-Puurs-1-768x512.jpg 768w, https:\/\/www.hotelessenza.be\/wp-content\/uploads\/2026\/04\/BB-Essenza-Puurs-1-18x12.jpg 18w, https:\/\/www.hotelessenza.be\/wp-content\/uploads\/2026\/04\/BB-Essenza-Puurs-1.jpg 1152w\" sizes=\"(max-width: 800px) 100vw, 800px\" \/>\t\t\t\t\t\t\t\t\t\t\t\t\t\t\t<\/div>\n\t\t\t\t<div class=\"elementor-element elementor-element-03ce1a2 elementor-widget elementor-widget-image\" data-id=\"03ce1a2\" data-element_type=\"widget\" data-e-type=\"widget\" data-widget_type=\"image.default\">\n\t\t\t\t\t\t\t\t\t\t\t\t\t\t\t<img alt=\"\" loading=\"lazy\" decoding=\"async\" width=\"800\" height=\"534\" src=\"https:\/\/www.hotelessenza.be\/wp-content\/uploads\/2026\/04\/BB-Essenza-Puurs-12-1024x683.jpg\" class=\"attachment-large size-large wp-image-2043\" srcset=\"https:\/\/www.hotelessenza.be\/wp-content\/uploads\/2026\/04\/BB-Essenza-Puurs-12-1024x683.jpg 1024w, https:\/\/www.hotelessenza.be\/wp-content\/uploads\/2026\/04\/BB-Essenza-Puurs-12-500x334.jpg 500w, https:\/\/www.hotelessenza.be\/wp-content\/uploads\/2026\/04\/BB-Essenza-Puurs-12-768x512.jpg 768w, https:\/\/www.hotelessenza.be\/wp-content\/uploads\/2026\/04\/BB-Essenza-Puurs-12-18x12.jpg 18w, https:\/\/www.hotelessenza.be\/wp-content\/uploads\/2026\/04\/BB-Essenza-Puurs-12.jpg 1151w\" sizes=\"(max-width: 800px) 100vw, 800px\" \/>\t\t\t\t\t\t\t\t\t\t\t\t\t\t\t<\/div>\n\t\t\t\t<\/div>\n\t\t\t\t<\/div>\n\t\t\t\t\t<\/div>\n\t\t\t\t<\/div>\n\t\t<section class=\"elementor-element elementor-element-f15ceea e-flex e-con-boxed e-con e-parent\" data-id=\"f15ceea\" data-element_type=\"container\" data-e-type=\"container\" data-settings=\"{&quot;background_background&quot;:&quot;classic&quot;}\">\n\t\t\t\t\t<div class=\"e-con-inner\">\n\t\t\t\t<div class=\"elementor-element elementor-element-7710a14 elementor-widget elementor-widget-heading\" data-id=\"7710a14\" data-element_type=\"widget\" data-e-type=\"widget\" data-widget_type=\"heading.default\">\n\t\t\t\t\t<h2 class=\"elementor-heading-title elementor-size-default\">R\u00e9server directement ?<\/h2>\t\t\t\t<\/div>\n\t\t\t\t<div class=\"elementor-element elementor-element-913aa02 elementor-widget elementor-widget-text-editor\" data-id=\"913aa02\" data-element_type=\"widget\" data-e-type=\"widget\" data-widget_type=\"text-editor.default\">\n\t\t\t\t\t\t\t\t\t<p>R\u00e9servez en ligne ou appelez-nous pour un conseil personnalis\u00e9.<\/p>\t\t\t\t\t\t\t\t<\/div>\n\t\t<div class=\"elementor-element elementor-element-8739195 e-con-full e-flex e-con e-child\" data-id=\"8739195\" data-element_type=\"container\" data-e-type=\"container\">\n\t\t\t\t<div class=\"elementor-element elementor-element-8edad6e btn-primary distributor-open elementor-mobile-align-justify elementor-widget-mobile__width-inherit elementor-widget elementor-widget-button\" data-id=\"8edad6e\" data-element_type=\"widget\" data-e-type=\"widget\" data-widget_type=\"button.default\">\n\t\t\t\t\t\t\t\t\t\t<a class=\"elementor-button elementor-button-link elementor-size-sm\" href=\"#\">\n\t\t\t\t\t\t<span class=\"elementor-button-content-wrapper\">\n\t\t\t\t\t\t<span class=\"elementor-button-icon\">\n\t\t\t\t<svg aria-hidden=\"true\" class=\"e-font-icon-svg e-fas-calendar-check\" viewbox=\"0 0 448 512\" xmlns=\"http:\/\/www.w3.org\/2000\/svg\"><path d=\"M436 160H12c-6.627 0-12-5.373-12-12v-36c0-26.51 21.49-48 48-48h48V12c0-6.627 5.373-12 12-12h40c6.627 0 12 5.373 12 12v52h128V12c0-6.627 5.373-12 12-12h40c6.627 0 12 5.373 12 12v52h48c26.51 0 48 21.49 48 48v36c0 6.627-5.373 12-12 12zM12 192h424c6.627 0 12 5.373 12 12v260c0 26.51-21.49 48-48 48H48c-26.51 0-48-21.49-48-48V204c0-6.627 5.373-12 12-12zm333.296 95.947l-28.169-28.398c-4.667-4.705-12.265-4.736-16.97-.068L194.12 364.665l-45.98-46.352c-4.667-4.705-12.266-4.736-16.971-.068l-28.397 28.17c-4.705 4.667-4.736 12.265-.068 16.97l82.601 83.269c4.667 4.705 12.265 4.736 16.97.068l142.953-141.805c4.705-4.667 4.736-12.265.068-16.97z\"><\/path><\/svg>\t\t\t<\/span>\n\t\t\t\t\t\t\t\t\t<span class=\"elementor-button-text\">R\u00e9server en ligne<\/span>\n\t\t\t\t\t<\/span>\n\t\t\t\t\t<\/a>\n\t\t\t\t\t\t\t\t<\/div>\n\t\t\t\t<div class=\"elementor-element elementor-element-99faaee btn-ghost white elementor-mobile-align-justify elementor-widget-mobile__width-inherit elementor-widget elementor-widget-button\" data-id=\"99faaee\" data-element_type=\"widget\" data-e-type=\"widget\" data-widget_type=\"button.default\">\n\t\t\t\t\t\t\t\t\t\t<a class=\"elementor-button elementor-button-link elementor-size-sm\" href=\"tel:%20+32%203%20288%2033%2033\">\n\t\t\t\t\t\t<span class=\"elementor-button-content-wrapper\">\n\t\t\t\t\t\t<span class=\"elementor-button-icon\">\n\t\t\t\t<svg aria-hidden=\"true\" class=\"e-font-icon-svg e-fas-phone-alt\" viewbox=\"0 0 512 512\" xmlns=\"http:\/\/www.w3.org\/2000\/svg\"><path d=\"M497.39 361.8l-112-48a24 24 0 0 0-28 6.9l-49.6 60.6A370.66 370.66 0 0 1 130.6 204.11l60.6-49.6a23.94 23.94 0 0 0 6.9-28l-48-112A24.16 24.16 0 0 0 122.6.61l-104 24A24 24 0 0 0 0 48c0 256.5 207.9 464 464 464a24 24 0 0 0 23.4-18.6l24-104a24.29 24.29 0 0 0-14.01-27.6z\"><\/path><\/svg>\t\t\t<\/span>\n\t\t\t\t\t\t\t\t\t<span class=\"elementor-button-text\">+32 3 288 33 33<\/span>\n\t\t\t\t\t<\/span>\n\t\t\t\t\t<\/a>\n\t\t\t\t\t\t\t\t<\/div>\n\t\t\t\t<\/div>\n\t\t\t\t\t<\/div>\n\t\t\t\t<\/section>\n\t\t\t\t<\/div>","protected":false},"excerpt":{"rendered":"<p>Reserveren Reserveren bij Hotel Essenza Boek eenvoudig online uw kamer in Kalfort en geniet binnenkort van de rust en de prachtige omgeving. Gun uzelf een ontspannen verblijf Bent u helemaal klaar voor een aantal heerlijke dagen waarin niets moet en alles mag en waar het vooral gaat over ontspannen genieten?Van elkaar, van de omgeving, van [&hellip;]<\/p>\n","protected":false},"author":2,"featured_media":0,"parent":0,"menu_order":0,"comment_status":"closed","ping_status":"closed","template":"","meta":{"_seopress_robots_primary_cat":"","_seopress_titles_title":"Reserveren | Direct boeken = beste prijs garantie","_seopress_titles_desc":"Boek je kamer rechtstreeks bij Hotel Essenza voor de beste prijs. Vanaf \u20ac144 per nacht inclusief ontbijt en gratis parking. Direct beschikbaarheid checken.","_seopress_robots_index":"","footnotes":""},"class_list":["post-2147","page","type-page","status-publish","hentry"],"jetpack_sharing_enabled":true,"_links":{"self":[{"href":"https:\/\/www.hotelessenza.be\/fr\/wp-json\/wp\/v2\/pages\/2147","targetHints":{"allow":["GET"]}}],"collection":[{"href":"https:\/\/www.hotelessenza.be\/fr\/wp-json\/wp\/v2\/pages"}],"about":[{"href":"https:\/\/www.hotelessenza.be\/fr\/wp-json\/wp\/v2\/types\/page"}],"author":[{"embeddable":true,"href":"https:\/\/www.hotelessenza.be\/fr\/wp-json\/wp\/v2\/users\/2"}],"replies":[{"embeddable":true,"href":"https:\/\/www.hotelessenza.be\/fr\/wp-json\/wp\/v2\/comments?post=2147"}],"version-history":[{"count":7,"href":"https:\/\/www.hotelessenza.be\/fr\/wp-json\/wp\/v2\/pages\/2147\/revisions"}],"predecessor-version":[{"id":2157,"href":"https:\/\/www.hotelessenza.be\/fr\/wp-json\/wp\/v2\/pages\/2147\/revisions\/2157"}],"wp:attachment":[{"href":"https:\/\/www.hotelessenza.be\/fr\/wp-json\/wp\/v2\/media?parent=2147"}],"curies":[{"name":"wp","href":"https:\/\/api.w.org\/{rel}","templated":true}]}}